{"id":2,"date":"2024-11-13T14:47:22","date_gmt":"2024-11-13T14:47:22","guid":{"rendered":"https:\/\/restaurantedori.com.br\/dori\/?page_id=2"},"modified":"2025-12-23T17:56:05","modified_gmt":"2025-12-23T17:56:05","slug":"sample-page","status":"publish","type":"page","link":"https:\/\/restaurantedori.com.br\/dori\/","title":{"rendered":"HOME"},"content":{"rendered":"\n<div class=\"wp-block-cover is-light\" style=\"min-height:500px;aspect-ratio:unset;\"><img loading=\"lazy\" decoding=\"async\" width=\"1240\" height=\"500\" class=\"wp-block-cover__image-background wp-image-8\" alt=\"\" src=\"https:\/\/restaurantedori.com.br\/dori\/wp-content\/uploads\/2024\/11\/BANNER-DORI-RESTAURANTE-.png\" style=\"object-position:28% 29%\" data-object-fit=\"cover\" data-object-position=\"28% 29%\" srcset=\"https:\/\/restaurantedori.com.br\/dori\/wp-content\/uploads\/2024\/11\/BANNER-DORI-RESTAURANTE-.png 1240w, https:\/\/restaurantedori.com.br\/dori\/wp-content\/uploads\/2024\/11\/BANNER-DORI-RESTAURANTE--300x121.png 300w, https:\/\/restaurantedori.com.br\/dori\/wp-content\/uploads\/2024\/11\/BANNER-DORI-RESTAURANTE--1024x413.png 1024w, https:\/\/restaurantedori.com.br\/dori\/wp-content\/uploads\/2024\/11\/BANNER-DORI-RESTAURANTE--768x310.png 768w\" sizes=\"auto, (max-width: 1240px) 100vw, 1240px\" \/><span aria-hidden=\"true\" class=\"wp-block-cover__background has-background-dim-0 has-background-dim\" style=\"background-color:#6c8796\"><\/span><div class=\"wp-block-cover__inner-container is-layout-constrained wp-block-cover-is-layout-constrained\">\n<h2 class=\"wp-block-heading has-text-align-center has-white-color has-text-color has-link-color wp-elements-7bddf8f9e0765241316a5f65c9559d7d\" style=\"font-size:30px\"><strong><strong>\u2728 Aqui voc\u00ea constr\u00f3i mem\u00f3rias afetivas! \u2728<\/strong><\/strong><\/h2>\n<\/div><\/div>\n\n\n\n<!DOCTYPE html>\n<html lang=\"pt-BR\">\n<head>\n    <meta charset=\"UTF-8\">\n    <meta name=\"viewport\" content=\"width=device-width, initial-scale=1.0\">\n    <title>Restaurante Dori<\/title>\n    <style>\n        body {\n            font-family: Arial, sans-serif;\n            margin: 0;\n            padding: 0;\n            background-color: #f8f8f8;\n            color: #333;\n            display: flex;\n            flex-direction: column;\n            min-height: 100vh;\n        }\n        .container {\n            max-width: 1200px;\n            margin: 0 auto;\n            padding: 20px;\n            text-align: center;\n            flex: 1;\n        }\n        .title {\n            font-size: 2em;\n            color: #f58634;\n            margin-bottom: 20px;\n        }\n        .banner {\n            font-size: 1.5em;\n            color: #2b83c3;\n            margin-bottom: 40px;\n        }\n        .columns {\n            display: flex;\n            flex-wrap: wrap;\n            gap: 20px;\n            justify-content: center;\n        }\n        .column {\n            background-color: #ffffff;\n            border-radius: 10px;\n            box-shadow: 0 4px 8px rgba(0, 0, 0, 0.1);\n            padding: 20px;\n            width: 100%;\n            max-width: 500px;\n            box-sizing: border-box;\n            border-top: 5px solid #f58634;\n        }\n        .column h2 {\n            font-size: 1.5em;\n            color: #2b83c3;\n            margin-bottom: 15px;\n        }\n        .column p {\n            font-size: 1em;\n            color: #333;\n        }\n        .links a {\n            display: inline-block;\n            background-color: #2b83c3;\n            color: #fff;\n            padding: 10px 15px;\n            margin: 10px 5px;\n            text-decoration: none;\n            font-weight: bold;\n            border-radius: 5px;\n            transition: background-color 0.3s;\n        }\n        .links a:hover {\n            background-color: #f58634;\n        }\n        .hours {\n            margin-top: 20px;\n            font-weight: bold;\n            color: #fbf273;\n        }\n        .hours p {\n            font-size: 0.9em;\n            color: #666;\n        }\n        .preview {\n            margin-top: 20px;\n        }\n        .preview iframe {\n            width: 100%;\n            height: 200px;\n            border: none;\n            border-radius: 5px;\n            box-shadow: 0 4px 8px rgba(0, 0, 0, 0.1);\n        }\n        footer {\n            text-align: center;\n            background-color: #f58634;\n            color: white;\n            padding: 10px 0;\n            position: relative;\n            bottom: 0;\n            width: 100%;\n        }\n        footer h3 {\n            margin: 0;\n        }\n    <\/style>\n<\/head>\n<body>\n    <div class=\"container\">\n        <div class=\"columns\">\n            <!-- Restaurante Dori em Massaranduba -->\n            <div class=\"column\">\n                <h2>Restaurante Dori em Massaranduba<\/h2>\n                <div class=\"links\">\n                    <a href=\"https:\/\/restaurante-dori.goomer.app\/menu\">Consulte o Card\u00e1pio<\/a>\n                    <a href=\"https:\/\/api.whatsapp.com\/send?phone=554733791848\">Reserve sua mesa pelo WhatsApp<\/a>\n                    <a href=\"https:\/\/www.instagram.com\/restaurantedori\/\">Instagram<\/a>\n                    <a href=\"https:\/\/www.facebook.com\/PesquePagueDori\">Facebook<\/a>\n                    <a href=\"https:\/\/g.page\/r\/CdSLsbc-6lGpEAE\/review\">Avalie no Google<\/a>\n                    <a href=\"https:\/\/maps.app.goo.gl\/oqdWxxGS8XixvAdC7\">Rota GPS para Massaranduba \u2013 SC<\/a>\n                <\/div>\n                <div class=\"hours\">\n                    <p>\u23f0 4\u00aa e 6\u00aa das 10 &#8211; 22h<\/p>\n                    <p>\u23f0 S\u00e1bado das 10 &#8211; 22h<\/p>\n                    <p>\u23f0 Domingo  das 10 &#8211; 17h<\/p>\n                <\/div>\n                <div class=\"preview\">\n                    <!-- Quadro de preview do Google Maps -->\n                    <iframe src=\"https:\/\/www.google.com\/maps\/embed?pb=!1m18!1m12!1m3!1d228245.7935140179!2d-49.21160447187498!3d-26.637577542933656!2m3!1f0!2f0!3f0!3m2!1i1024!2i768!4f13.1!3m3!1m2!1s0x94dec3eba0c64967%3A0xa951ea3eb7b18bd4!2sRestaurante%20Dori%20em%20Massaranduba%20com%20Pesque%20Pague!5e0!3m2!1spt-BR!2sbr!4v1731430038501!5m2!1spt-BR!2sbr\" allowfullscreen=\"\" loading=\"lazy\" referrerpolicy=\"no-referrer-when-downgrade\"><\/iframe>\n                <\/div>\n            <\/div>\n\n            <!-- Restaurante Dori em Guaramirim -->\n            <div class=\"column\">\n                <h2>Restaurante Dori em Guaramirim<\/h2>\n                <div class=\"links\">\n                    <a href=\"https:\/\/api.whatsapp.com\/send?phone=554733763604\">Consulte Card\u00e1pio<\/a>\n                    <a href=\"https:\/\/api.whatsapp.com\/send?phone=554733763604\">Reserve sua mesa pelo WhatsApp<\/a>\n                    <a href=\"https:\/\/www.instagram.com\/recantododori\/\">Instagram<\/a>\n                    <a href=\"https:\/\/www.facebook.com\/restauranterecantododori\/\">Facebook<\/a>\n                    <a href=\"https:\/\/g.page\/r\/CT9dpGy0YciQEAE\/review\">Avalie no Google<\/a>\n                    <a href=\"https:\/\/maps.app.goo.gl\/RzzduXwhtnbquEre6\">Rota GPS para Guaramirim \u2013 SC<\/a>\n                <\/div>\n                <div class=\"hours\">\n                    <br><\/br>\n                    <p>\u23f0 6\u00aa e s\u00e1bado das 10 &#8211; 22h<\/p>\n                    <p>\u23f0 Domingo das 10 &#8211; 16h<\/p>\n                <\/div>\n                <div class=\"preview\">\n                    <!-- Quadro de preview do Google Maps -->\n                    <iframe src=\"https:\/\/www.google.com\/maps\/embed?pb=!1m18!1m12!1m3!1d228245.7935140179!2d-49.21160447187498!3d-26.637577542933656!2m3!1f0!2f0!3f0!3m2!1i1024!2i768!4f13.1!3m3!1m2!1s0x94dec09d6e7cd735%3A0x90c861b46ca45d3f!2sRestaurante%20Dori%20em%20Guaramirim%20e%20Recanto%20Do%20Dori!5e0!3m2!1spt-BR!2sbr!4v1731430386374!5m2!1spt-BR!2sbr\" allowfullscreen=\"\" loading=\"lazy\" referrerpolicy=\"no-referrer-when-downgrade\"><\/iframe>\n                <\/div>\n            <\/div>\n        <\/div>\n    <\/div>\n\n    <footer>\n        <h3>\u2728Venha Visitar \u2728<\/h3>\n    <\/footer>\n<\/body>\n<\/html>\n\n\n\n<blockquote class=\"wp-block-quote is-layout-flow wp-block-quote-is-layout-flow\">\n<p><\/p>\n<\/blockquote>\n\n\n\n<p class=\"has-text-align-center\">Todos os direitos reservados Restaurante Dori . Powerd by <a href=\"https:\/\/reinarmarketing.com.br\">Reinar Marketing<\/a><\/p>\n\n\n\n<p><\/p>\n","protected":false},"excerpt":{"rendered":"<p>Restaurante Dori Restaurante Dori em Massaranduba Consulte o Card\u00e1pio Reserve sua mesa pelo WhatsApp Instagram Facebook Avalie no Google Rota GPS para Massaranduba \u2013 SC \u23f0 4\u00aa e 6\u00aa das 10 &#8211; 22h \u23f0 S\u00e1bado das 10 &#8211; 22h \u23f0&#8230; <a class=\"di-continue-reading\" href=\"https:\/\/restaurantedori.com.br\/dori\/\"> Continue Reading&#8230;<\/a><\/p>\n","protected":false},"author":1,"featured_media":0,"parent":0,"menu_order":1,"comment_status":"closed","ping_status":"closed","template":"template-page-builder-no-header-footer.php","meta":{"footnotes":""},"class_list":["post-2","page","type-page","status-publish","hentry"],"_links":{"self":[{"href":"https:\/\/restaurantedori.com.br\/dori\/index.php\/wp-json\/wp\/v2\/pages\/2","targetHints":{"allow":["GET"]}}],"collection":[{"href":"https:\/\/restaurantedori.com.br\/dori\/index.php\/wp-json\/wp\/v2\/pages"}],"about":[{"href":"https:\/\/restaurantedori.com.br\/dori\/index.php\/wp-json\/wp\/v2\/types\/page"}],"author":[{"embeddable":true,"href":"https:\/\/restaurantedori.com.br\/dori\/index.php\/wp-json\/wp\/v2\/users\/1"}],"replies":[{"embeddable":true,"href":"https:\/\/restaurantedori.com.br\/dori\/index.php\/wp-json\/wp\/v2\/comments?post=2"}],"version-history":[{"count":18,"href":"https:\/\/restaurantedori.com.br\/dori\/index.php\/wp-json\/wp\/v2\/pages\/2\/revisions"}],"predecessor-version":[{"id":86,"href":"https:\/\/restaurantedori.com.br\/dori\/index.php\/wp-json\/wp\/v2\/pages\/2\/revisions\/86"}],"wp:attachment":[{"href":"https:\/\/restaurantedori.com.br\/dori\/index.php\/wp-json\/wp\/v2\/media?parent=2"}],"curies":[{"name":"wp","href":"https:\/\/api.w.org\/{rel}","templated":true}]}}